{"id":149,"date":"2021-10-06T09:34:23","date_gmt":"2021-10-06T07:34:23","guid":{"rendered":"https:\/\/planeteproduction.fr\/gg128065-ovh\/?page_id=149"},"modified":"2021-10-06T09:47:12","modified_gmt":"2021-10-06T07:47:12","slug":"mentions-legales","status":"publish","type":"page","link":"https:\/\/planeteproduction.fr\/index.php\/mentions-legales\/","title":{"rendered":"Mentions l\u00e9gales"},"content":{"rendered":"<p>[et_pb_section fb_built=&#8221;1&#8243; module_id=&#8221;concept&#8221; _builder_version=&#8221;4.9.2&#8243; _module_preset=&#8221;default&#8221; min_height=&#8221;447px&#8221; custom_margin=&#8221;||-2px|||&#8221; custom_padding=&#8221;||24px|||&#8221; global_colors_info=&#8221;{}&#8221;][et_pb_row _builder_version=&#8221;3.25&#8243; custom_margin=&#8221;28px|auto||auto||&#8221; custom_padding=&#8221;3px||2px|||&#8221; global_colors_info=&#8221;{}&#8221;][et_pb_column type=&#8221;4_4&#8243; _builder_version=&#8221;3.25&#8243; custom_padding=&#8221;70px||70px|&#8221; global_colors_info=&#8221;{}&#8221; custom_padding__hover=&#8221;|||&#8221;][et_pb_text admin_label=&#8221;Title&#8221; _builder_version=&#8221;4.9.2&#8243; text_font=&#8221;||||||||&#8221; text_font_size=&#8221;15px&#8221; header_font=&#8221;||||||||&#8221; header_2_font=&#8221;Abhaya Libre|700|||||||&#8221; header_2_font_size=&#8221;64px&#8221; header_2_line_height=&#8221;1.2em&#8221; header_4_font=&#8221;Nunito|700||on|||||&#8221; header_4_text_color=&#8221;#bda392&#8243; header_4_letter_spacing=&#8221;2px&#8221; header_4_line_height=&#8221;1.8em&#8221; custom_margin=&#8221;||14px|||&#8221; animation_style=&#8221;slide&#8221; animation_direction=&#8221;right&#8221; animation_intensity_slide=&#8221;5%&#8221; animation_starting_opacity=&#8221;100%&#8221; header_font_size_tablet=&#8221;40px&#8221; header_font_size_last_edited=&#8221;off|desktop&#8221; header_2_font_size_tablet=&#8221;40px&#8221; header_2_font_size_phone=&#8221;&#8221; header_2_font_size_last_edited=&#8221;on|desktop&#8221; locked=&#8221;off&#8221; inline_fonts=&#8221;Open Sans&#8221; global_colors_info=&#8221;{}&#8221;]<\/p>\n<h2 style=\"text-align: center;\"><span style=\"font-family: 'Open Sans';\">Mentions<\/span><\/h2>\n<p>[\/et_pb_text][et_pb_text _builder_version=&#8221;3.27.4&#8243; text_font=&#8221;Nunito||||||||&#8221; text_font_size=&#8221;18px&#8221; text_line_height=&#8221;1.8em&#8221; header_font=&#8221;||||||||&#8221; custom_margin=&#8221;|||&#8221; custom_padding=&#8221;||10px|&#8221; animation_style=&#8221;slide&#8221; animation_direction=&#8221;right&#8221; animation_intensity_slide=&#8221;5%&#8221; animation_starting_opacity=&#8221;100%&#8221; locked=&#8221;off&#8221; inline_fonts=&#8221;century-gothic,Open Sans&#8221; global_colors_info=&#8221;{}&#8221;]<\/p>\n<p style=\"text-align: left;\"><b>Directrice de la publication<br \/><\/b>Sophie Aubriet<\/p>\n<p style=\"text-align: left;\"><strong>Identification soci\u00e9t\u00e9<\/strong><br \/>D\u00e9nomination sociale ou raison sociale Plan\u00e8te Production<br \/>Adresse du si\u00e8ge social 6 rue G\u00eet-le-C\u0153ur 75006 Paris<br \/>Num\u00e9ro t\u00e9l\u00e9phone 01 73 10 00 20<br \/>Adresse \u00e9lectronique reservation@planeteproduction.fr<br \/>Forme juridique SASU<br \/>Montant du capital 50 000 \u20ac<br \/>Nom du directeur ou codirecteur de la publication : Sophie Aubriet<br \/>Activit\u00e9 R\u00e9glement\u00e9e<br \/>Immatriculation SIRET : 82139893000015<br \/>Nom de l\u2019UE dans lequel le titre professionnel a \u00e9t\u00e9 octroy\u00e9 FRANCE<br \/>Nom de l\u2019ordre ou de l\u2019organisme aupr\u00e8s duquel une inscription a \u00e9t\u00e9 faite RCS Paris B 821 398 930<br \/>Immatriculation au registre des Op\u00e9rateurs de Voyages IM 075160069<br \/>Garantie Financi\u00e8re GROUPAMA ASSURANCE-CREDIT &amp; CAUTION<br \/>RCP HISCOX n\u00b0 HA RCP0252544<\/p>\n<p style=\"text-align: left;\"><strong>H\u00e9bergement<\/strong><br \/>OVH<br \/>SAS au capital de 10 069 020 \u20ac<br \/>RCS Lille M\u00e9tropole 424 761 419 00045<br \/>Code APE 2620Z<br \/>N\u00b0 TVA : FR 22 424 761 419<br \/>Si\u00e8ge social : 2 rue Kellermann &#8211; 59100 Roubaix &#8211; France<\/p>\n<p style=\"text-align: left;\">\n<p>[\/et_pb_text][\/et_pb_column][\/et_pb_row][\/et_pb_section][et_pb_section fb_built=&#8221;1&#8243; fullwidth=&#8221;on&#8221; _builder_version=&#8221;4.9.2&#8243; _module_preset=&#8221;default&#8221; background_image=&#8221;https:\/\/planeteproduction.fr\/gg128065-ovh\/wp-content\/uploads\/2021\/10\/planete-production-contact.jpeg&#8221; custom_padding=&#8221;638px|||||&#8221; filter_hue_rotate=&#8221;359deg&#8221; filter_saturate=&#8221;122%&#8221; filter_brightness=&#8221;133%&#8221; filter_contrast=&#8221;98%&#8221; global_colors_info=&#8221;{}&#8221;][\/et_pb_section][et_pb_section fb_built=&#8221;1&#8243; _builder_version=&#8221;4.9.2&#8243; _module_preset=&#8221;default&#8221; custom_padding=&#8221;12px||0px|||&#8221;][et_pb_row column_structure=&#8221;1_2,1_2&#8243; _builder_version=&#8221;4.9.2&#8243; _module_preset=&#8221;default&#8221; custom_margin=&#8221;24px|auto||auto||&#8221; custom_padding=&#8221;3px|||||&#8221; hover_enabled=&#8221;0&#8243; sticky_enabled=&#8221;0&#8243;][et_pb_column type=&#8221;1_2&#8243; _builder_version=&#8221;4.9.2&#8243; _module_preset=&#8221;default&#8221;][et_pb_image src=&#8221;https:\/\/planeteproduction.fr\/gg128065-ovh\/wp-content\/uploads\/2021\/10\/logo-atr.png&#8221; title_text=&#8221;logo-atr&#8221; align=&#8221;right&#8221; _builder_version=&#8221;4.9.2&#8243; _module_preset=&#8221;default&#8221; width=&#8221;40%&#8221; hover_enabled=&#8221;0&#8243; sticky_enabled=&#8221;0&#8243;][\/et_pb_image][\/et_pb_column][et_pb_column type=&#8221;1_2&#8243; _builder_version=&#8221;4.9.2&#8243; _module_preset=&#8221;default&#8221;][et_pb_image src=&#8221;https:\/\/planeteproduction.fr\/gg128065-ovh\/wp-content\/uploads\/2021\/10\/SETO.jpg&#8221; title_text=&#8221;SETO&#8221; _builder_version=&#8221;4.9.2&#8243; _module_preset=&#8221;default&#8221; width=&#8221;40%&#8221; hover_enabled=&#8221;0&#8243; sticky_enabled=&#8221;0&#8243;][\/et_pb_image][\/et_pb_column][\/et_pb_row][\/et_pb_section]<\/p>\n","protected":false},"excerpt":{"rendered":"<p>MentionsDirectrice de la publicationSophie Aubriet Identification soci\u00e9t\u00e9D\u00e9nomination sociale ou raison sociale Plan\u00e8te ProductionAdresse du si\u00e8ge social 6 rue G\u00eet-le-C\u0153ur 75006 ParisNum\u00e9ro t\u00e9l\u00e9phone 01 73 10 00 20Adresse \u00e9lectronique reservation@planeteproduction.frForme juridique SASUMontant du capital 50 000 \u20acNom du directeur ou codirecteur de la publication : Sophie AubrietActivit\u00e9 R\u00e9glement\u00e9eImmatriculation SIRET : 82139893000015Nom de l\u2019UE dans lequel le [&hellip;]<\/p>\n","protected":false},"author":1,"featured_media":0,"parent":0,"menu_order":0,"comment_status":"closed","ping_status":"closed","template":"","meta":{"_et_pb_use_builder":"on","_et_pb_old_content":"","_et_gb_content_width":""},"_links":{"self":[{"href":"https:\/\/planeteproduction.fr\/index.php\/wp-json\/wp\/v2\/pages\/149"}],"collection":[{"href":"https:\/\/planeteproduction.fr\/index.php\/wp-json\/wp\/v2\/pages"}],"about":[{"href":"https:\/\/planeteproduction.fr\/index.php\/wp-json\/wp\/v2\/types\/page"}],"author":[{"embeddable":true,"href":"https:\/\/planeteproduction.fr\/index.php\/wp-json\/wp\/v2\/users\/1"}],"replies":[{"embeddable":true,"href":"https:\/\/planeteproduction.fr\/index.php\/wp-json\/wp\/v2\/comments?post=149"}],"version-history":[{"count":8,"href":"https:\/\/planeteproduction.fr\/index.php\/wp-json\/wp\/v2\/pages\/149\/revisions"}],"predecessor-version":[{"id":161,"href":"https:\/\/planeteproduction.fr\/index.php\/wp-json\/wp\/v2\/pages\/149\/revisions\/161"}],"wp:attachment":[{"href":"https:\/\/planeteproduction.fr\/index.php\/wp-json\/wp\/v2\/media?parent=149"}],"curies":[{"name":"wp","href":"https:\/\/api.w.org\/{rel}","templated":true}]}}